{"id":12,"date":"2013-09-27T07:53:14","date_gmt":"2013-09-27T07:53:14","guid":{"rendered":"http:\/\/ambershades.cz\/?page_id=12"},"modified":"2020-08-21T11:01:51","modified_gmt":"2020-08-21T11:01:51","slug":"kontakt","status":"publish","type":"page","link":"https:\/\/www.ambershades.cz\/en\/kontakt\/","title":{"rendered":"Contact"},"content":{"rendered":"<p>We are living in the Czech republic, in the Central Europe. Our house is situated in central Bohemia area, few kilometers from the capital Prague.<br \/>\n<iframe loading=\"lazy\" style=\"border: 0;\" tabindex=\"0\" src=\"https:\/\/www.google.com\/maps\/embed?pb=!1m14!1m12!1m3!1d72160.050882863!2d14.84889377601749!3d49.833092515774005!2m3!1f0!2f0!3f0!3m2!1i1024!2i768!4f13.1!5e0!3m2!1scs!2scz!4v1598007666631!5m2!1scs!2scz\" width=\"600\" height=\"450\" frameborder=\"0\" allowfullscreen=\"allowfullscreen\"><\/iframe><\/p>\n<address>\u00a0<\/address>\n<p>Daniela Rajtmajerov\u00e1<\/p>\n<address>M\u017e\u00ed\u017eovice 9<\/address>\n<address>257 24 Chocerady<\/address>\n<address>Czech republic &#8211; Europe<\/address>\n<p>email:\u00a0daniela@ambershades.cz<\/p>\n<p>telefon: + 420 724 161 603 (please, write us an email before you call)<\/p>","protected":false},"excerpt":{"rendered":"<p>We are living in the Czech republic, in the Central Europe. Our house is situated in central Bohemia area, few&hellip;<\/p>\n","protected":false},"author":1,"featured_media":0,"parent":0,"menu_order":0,"comment_status":"closed","ping_status":"open","template":"sidebar-page.php","meta":{"_monsterinsights_skip_tracking":false,"_monsterinsights_sitenote_active":false,"_monsterinsights_sitenote_note":"","_monsterinsights_sitenote_category":0},"_links":{"self":[{"href":"https:\/\/www.ambershades.cz\/en\/wp-json\/wp\/v2\/pages\/12"}],"collection":[{"href":"https:\/\/www.ambershades.cz\/en\/wp-json\/wp\/v2\/pages"}],"about":[{"href":"https:\/\/www.ambershades.cz\/en\/wp-json\/wp\/v2\/types\/page"}],"author":[{"embeddable":true,"href":"https:\/\/www.ambershades.cz\/en\/wp-json\/wp\/v2\/users\/1"}],"replies":[{"embeddable":true,"href":"https:\/\/www.ambershades.cz\/en\/wp-json\/wp\/v2\/comments?post=12"}],"version-history":[{"count":23,"href":"https:\/\/www.ambershades.cz\/en\/wp-json\/wp\/v2\/pages\/12\/revisions"}],"predecessor-version":[{"id":3654,"href":"https:\/\/www.ambershades.cz\/en\/wp-json\/wp\/v2\/pages\/12\/revisions\/3654"}],"wp:attachment":[{"href":"https:\/\/www.ambershades.cz\/en\/wp-json\/wp\/v2\/media?parent=12"}],"curies":[{"name":"wp","href":"https:\/\/api.w.org\/{rel}","templated":true}]}}